{"id":1758,"date":"2020-10-24T20:42:18","date_gmt":"2020-10-24T18:42:18","guid":{"rendered":"https:\/\/sindikatorca.hr\/?page_id=1758"},"modified":"2020-10-25T01:26:31","modified_gmt":"2020-10-24T23:26:31","slug":"terms-and-conditions","status":"publish","type":"page","link":"https:\/\/sindikatorca.hr\/hr\/terms-and-conditions\/","title":{"rendered":"Uvjeti i Odredbe"},"content":{"rendered":"<div data-elementor-type=\"wp-page\" data-elementor-id=\"1758\" class=\"elementor elementor-1758\">\n\t\t\t\t\t\t<section class=\"elementor-section elementor-top-section elementor-element elementor-element-1458d8df elementor-section-boxed elementor-section-height-default elementor-section-height-default\" data-id=\"1458d8df\" data-element_type=\"section\">\n\t\t\t\t\t\t<div class=\"elementor-container elementor-column-gap-default\">\n\t\t\t\t\t<div class=\"elementor-column elementor-col-100 elementor-top-column elementor-element elementor-element-6a06414c\" data-id=\"6a06414c\" data-element_type=\"column\">\n\t\t\t<div class=\"elementor-widget-wrap elementor-element-populated\">\n\t\t\t\t\t\t<div class=\"elementor-element elementor-element-7ab41999 elementor-widget elementor-widget-text-editor\" data-id=\"7ab41999\" data-element_type=\"widget\" data-widget_type=\"text-editor.default\">\n\t\t\t\t<div class=\"elementor-widget-container\">\n\t\t\t\t\t\t\t<p><!-- wp:paragraph --><\/p>\n<h2>Uvjeti i Odredbe<\/h2>\n<p>\u00a0<\/p>\n<p>Last update: 24.19.2020.<\/p>\n<p><!-- \/wp:paragraph --><\/p>\n<p><!-- wp:paragraph --><\/p>\n<p>Molimo pa\u017eljivo pro\u010ditajte ove Uvjete kori\u0161tenja (\"Uvjeti\", \"Uvjeti kori\u0161tenja\") prije kori\u0161tenja web stranice Sindikat ORCA (\"Usluga\") kojom upravlja Organizacija Radnika Croatia Airlinesa (\"mi\" ili \"na\u0161i\") .<\/p>\n<p><!-- \/wp:paragraph --><\/p>\n<p><!-- wp:paragraph --><\/p>\n<p>Va\u0161 pristup i kori\u0161tenje Usluge uvjetovan je prihva\u0107anjem i po\u0161tivanjem ovih Uvjeta. Ovi se Uvjeti primjenjuju na sve posjetitelje, korisnike i druge koji pristupaju Usluzi ili je koriste.<\/p>\n<p><!-- \/wp:paragraph --><\/p>\n<p><!-- wp:paragraph --><\/p>\n<p>Pristupanjem ili kori\u0161tenjem Usluge pristajete na obvezu ovih Uvjeta. Ako se ne sla\u017eete s bilo kojim dijelom uvjeta, mo\u017eda ne\u0107ete imati pristup Usluzi.<\/p>\n<p><!-- \/wp:paragraph --><\/p>\n<p><!-- wp:heading --><\/p>\n<h2>Ra\u010duni<\/h2>\n<p><!-- \/wp:heading --><\/p>\n<p><!-- wp:paragraph --><\/p>\n<p>Kada stvorite ra\u010dun kod nas, morate nam pru\u017eiti to\u010dne, potpune i aktualne podatke u svakom trenutku. Ako to ne u\u010dinite, to predstavlja kr\u0161enje Uvjeta, \u0161to mo\u017ee rezultirati trenutnim ukidanjem va\u0161eg ra\u010duna na na\u0161oj Usluzi.<\/p>\n<p><!-- \/wp:paragraph --><\/p>\n<p><!-- wp:paragraph --><\/p>\n<p>Odgovorni ste za za\u0161titu lozinke koju upotrebljavate za pristup Usluzi i za sve radnje ili radnje pod va\u0161om lozinkom, bez obzira je li lozinka kod na\u0161e usluge ili usluge tre\u0107e strane.<\/p>\n<p><!-- \/wp:paragraph --><\/p>\n<p><!-- wp:paragraph --><\/p>\n<p>Sla\u017eete se da svoju lozinku ne\u0107ete otkriti bilo kojoj tre\u0107oj strani. Morate nas obavijestiti odmah nakon \u0161to saznate za bilo kakvo kr\u0161enje sigurnosti ili neovla\u0161teno kori\u0161tenje va\u0161eg ra\u010duna.<\/p>\n<p><!-- \/wp:paragraph --><\/p>\n<p><!-- wp:heading --><\/p>\n<h2>Intelektualno vlasni\u0161tvo<\/h2>\n<p><!-- \/wp:heading --><\/p>\n<p><!-- wp:paragraph --><\/p>\n<p>Usluga i njezin izvorni sadr\u017eaj, zna\u010dajke i funkcionalnost jesu i ostat \u0107e u isklju\u010divom vlasni\u0161tvu ORCA-e i njezinih davatelja licenci.<\/p>\n<p><!-- \/wp:paragraph --><\/p>\n<p><!-- wp:heading --><\/p>\n<h2>Poveznice (Links) na Druge Web Stranice<\/h2>\n<p><!-- \/wp:heading --><\/p>\n<p><!-- wp:paragraph --><\/p>\n<p>Na\u0161a usluga mo\u017ee sadr\u017eavati veze do web stranica ili usluga tre\u0107ih strana koje nisu u vlasni\u0161tvu ili pod nadzorom ORCA-e.<\/p>\n<p><!-- \/wp:paragraph --><\/p>\n<p><!-- wp:paragraph --><\/p>\n<p>ORCA nema kontrolu i ne preuzima odgovornost za sadr\u017eaj, politike privatnosti ili prakse bilo kojih web stranica ili usluga tre\u0107ih strana. Nadalje prihva\u0107ate i sla\u017eete se da ORCA ne\u0107e biti pod obvezom ili odgovorna, izravno ili neizravno, za bilo kakvu \u0161tetu ili gubitak prouzro\u010den ili navodno prouzro\u010den ili povezan s upotrebom ili oslanjanjem na bilo koji takav sadr\u017eaj, robu ili usluge dostupne na ili putem bilo koje takve web stranice ili usluge.<\/p>\n<p><!-- \/wp:paragraph --><\/p>\n<p><!-- wp:paragraph --><\/p>\n<p>Preporu\u010dujemo vam da pro\u010ditate uvjete i pravila i politike privatnosti bilo koje web stranice ili usluge tre\u0107e strane koju posjetite.<\/p>\n<p><!-- \/wp:paragraph --><\/p>\n<p><!-- wp:heading --><\/p>\n<h2>Raskid<\/h2>\n<p><!-- \/wp:heading --><\/p>\n<p><!-- wp:paragraph --><\/p>\n<p>Mo\u017eemo prekinuti ili suspendirati pristup na\u0161oj Usluzi odmah, bez prethodne najave ili odgovornosti, iz bilo kojeg razloga, uklju\u010duju\u0107i bez ograni\u010denja ako kr\u0161ite Uvjete.<\/p>\n<p><!-- \/wp:paragraph --><\/p>\n<p><!-- wp:paragraph --><\/p>\n<p>Sve odredbe Uvjeta koje bi po svojoj prirodi trebale pre\u017eivjeti raskid pre\u017eivjet \u0107e raskid, uklju\u010duju\u0107i, bez ograni\u010denja, odredbe o vlasni\u0161tvu, odricanje jamstva, naknadu \u0161tete i ograni\u010denja odgovornosti.<\/p>\n<p><!-- \/wp:paragraph --><\/p>\n<p><!-- wp:paragraph --><\/p>\n<p>Mo\u017eemo prekinuti ili suspendirati pristup na\u0161oj Usluzi odmah, bez prethodne najave ili odgovornosti, iz bilo kojeg razloga, uklju\u010duju\u0107i bez ograni\u010denja ako kr\u0161ite Uvjete.<\/p>\n<p><!-- \/wp:paragraph --><\/p>\n<p><!-- wp:paragraph --><\/p>\n<p>Po raskidu, va\u0161e pravo na upotrebu usluge prestaje odmah. Ako \u017eelite ukinuti svoj ra\u010dun, mo\u017eete jednostavno prekinuti kori\u0161tenje Usluge.<\/p>\n<p><!-- \/wp:paragraph --><\/p>\n<p><!-- wp:paragraph --><\/p>\n<p>Sve odredbe Uvjeta koje bi po svojoj prirodi trebale pre\u017eivjeti raskid pre\u017eivjet \u0107e raskid, uklju\u010duju\u0107i, bez ograni\u010denja, odredbe o vlasni\u0161tvu, odricanje jamstva, naknadu \u0161tete i ograni\u010denja odgovornosti.<\/p>\n<p>Zabranjeno je komentirati ili vrije\u0111ati bilo koga na temelju razlika rase, vjere, jezika, politi\u010dkog ili drugog uvjerenja, bogatstva, ro\u0111enja, obrazovanja, socijalnog statusa ili drugih svojstava, spola, boje ko\u017ee, nacionalnosti ili etni\u010dke pripadnosti ili bilo \u010dega \u0161to kr\u0161i osnovna ljudska prava i slobode koje je priznala me\u0111unarodna zajednica.<\/p>\n<p><!-- \/wp:paragraph --><\/p>\n<p><!-- wp:heading --><\/p>\n<h2>Odricanje<\/h2>\n<p><!-- \/wp:heading --><\/p>\n<p><!-- wp:paragraph --><\/p>\n<p>Kori\u0161tenje usluge je na va\u0161 vlastiti rizik. Usluga se pru\u017ea na osnovi \"KAKVA JE\" i \"KAKO JE DOSTUPNA\". Usluga se pru\u017ea bez bilo kakvih jamstava, bilo izri\u010ditih ili podrazumijevanih, uklju\u010duju\u0107i, ali ne ograni\u010davaju\u0107i se na, podrazumijevana jamstva prodajnosti, prikladnosti za odre\u0111enu svrhu, nekr\u0161enja ili tijeka izvedbe.<\/p>\n<p><!-- \/wp:paragraph --><\/p>\n<p><!-- wp:heading --><\/p>\n<h2>Mjerodavno Pravo<\/h2>\n<p><!-- \/wp:heading --><\/p>\n<p><!-- wp:paragraph --><\/p>\n<p>Ovi se Uvjeti ure\u0111uju i tuma\u010de u skladu sa hrvatskim zakonima bez obzira na kolizijske odredbe.<\/p>\n<p><!-- \/wp:paragraph --><\/p>\n<p><!-- wp:paragraph --><\/p>\n<p>Na\u0161 neuspjeh u provo\u0111enju bilo kojeg prava ili odredbi ovih Uvjeta ne\u0107e se smatrati odricanjem od tih prava. Ako bilo koja odredba ovih Uvjeta bude smatrana nevaljanom ili neprovedivom na sudu, preostale odredbe ovih Uvjeta ostat \u0107e na snazi. Ovi Uvjeti \u010dine cjelokupni sporazum izme\u0111u nas u vezi s na\u0161om Uslugom i nadja\u010davaju i zamjenjuju sve prethodne ugovore koje bismo mogli imati izme\u0111u nas u vezi s Uslugom.<\/p>\n<p><!-- \/wp:paragraph --><\/p>\n<p><!-- wp:heading --><\/p>\n<h2>Promjene<\/h2>\n<p><!-- \/wp:heading --><\/p>\n<p><!-- wp:paragraph --><\/p>\n<p>Zadr\u017eavamo pravo prema vlastitom naho\u0111enju izmijeniti ili zamijeniti ove Uvjete u bilo kojem trenutku. Ako je revizija zna\u010dajna, poku\u0161at \u0107emo poslati obavijest najmanje 30 dana prije stupanja na snagu novih uvjeta. \u0160to predstavlja zna\u010dajnu promjenu, utvrdit \u0107emo prema vlastitom naho\u0111enju.<\/p>\n<p><!-- \/wp:paragraph --><\/p>\n<p><!-- wp:paragraph --><\/p>\n<p>Nastavkom pristupa na\u0161oj usluzi ili kori\u0161tenja nakon \u0161to te revizije stupe na snagu, pristajete na to da vas obvezuju revidirani uvjeti. Ako se ne sla\u017eete s novim uvjetima, molimo vas da prestanete koristiti Uslugu.<\/p>\n<p><!-- \/wp:paragraph --><\/p>\n<p><!-- wp:heading --><\/p>\n<h2>Kontaktirajte nas<\/h2>\n<p><!-- \/wp:heading --><\/p>\n<p><!-- wp:paragraph --><\/p>\n<p>Ako imate pitanja o ovim Uvjetima, molimo vas da <a href=\"https:\/\/sindikatorca.hr\/hr\/contact-2\/\">nas kontaktirate<\/a><\/p>\n<p><!-- \/wp:paragraph --><\/p>\t\t\t\t\t\t<\/div>\n\t\t\t\t<\/div>\n\t\t\t\t\t<\/div>\n\t\t<\/div>\n\t\t\t\t\t<\/div>\n\t\t<\/section>\n\t\t\t\t<\/div>","protected":false},"excerpt":{"rendered":"<p>Terms and Conditions \u00a0 Last update: 24.19.2020. Please read these Terms of [&hellip;]<\/p>\n","protected":false},"author":2,"featured_media":0,"parent":0,"menu_order":0,"comment_status":"closed","ping_status":"closed","template":"","meta":[],"_links":{"self":[{"href":"https:\/\/sindikatorca.hr\/hr\/wp-json\/wp\/v2\/pages\/1758"}],"collection":[{"href":"https:\/\/sindikatorca.hr\/hr\/wp-json\/wp\/v2\/pages"}],"about":[{"href":"https:\/\/sindikatorca.hr\/hr\/wp-json\/wp\/v2\/types\/page"}],"author":[{"embeddable":true,"href":"https:\/\/sindikatorca.hr\/hr\/wp-json\/wp\/v2\/users\/2"}],"replies":[{"embeddable":true,"href":"https:\/\/sindikatorca.hr\/hr\/wp-json\/wp\/v2\/comments?post=1758"}],"version-history":[{"count":0,"href":"https:\/\/sindikatorca.hr\/hr\/wp-json\/wp\/v2\/pages\/1758\/revisions"}],"wp:attachment":[{"href":"https:\/\/sindikatorca.hr\/hr\/wp-json\/wp\/v2\/media?parent=1758"}],"curies":[{"name":"wp","href":"https:\/\/api.w.org\/{rel}","templated":true}]}}