{"id":198,"date":"2018-09-26T13:17:13","date_gmt":"2018-09-26T13:17:13","guid":{"rendered":"http:\/\/demo.athemes.com\/atu-agency\/?page_id=198"},"modified":"2020-10-25T02:58:37","modified_gmt":"2020-10-25T01:58:37","slug":"about-us","status":"publish","type":"page","link":"https:\/\/sindikatorca.hr\/hr\/about-us\/","title":{"rendered":"O Nama"},"content":{"rendered":"<div data-elementor-type=\"wp-page\" data-elementor-id=\"198\" class=\"elementor elementor-198\">\n\t\t\t\t\t\t<section class=\"elementor-section elementor-top-section elementor-element elementor-element-48801e1f elementor-section-boxed elementor-section-height-default elementor-section-height-default\" data-id=\"48801e1f\" data-element_type=\"section\" data-settings=\"{&quot;background_background&quot;:&quot;classic&quot;}\">\n\t\t\t\t\t\t<div class=\"elementor-container elementor-column-gap-wider\">\n\t\t\t\t\t<div class=\"elementor-column elementor-col-50 elementor-top-column elementor-element elementor-element-2b921385\" data-id=\"2b921385\" data-element_type=\"column\">\n\t\t\t<div class=\"elementor-widget-wrap elementor-element-populated\">\n\t\t\t\t\t\t<div class=\"elementor-element elementor-element-4251c4d3 elementor-widget elementor-widget-heading\" data-id=\"4251c4d3\" data-element_type=\"widget\" data-widget_type=\"heading.default\">\n\t\t\t\t<div class=\"elementor-widget-container\">\n\t\t\t<h2 class=\"elementor-heading-title elementor-size-default\">O Nama<\/h2>\t\t<\/div>\n\t\t\t\t<\/div>\n\t\t\t\t<div class=\"elementor-element elementor-element-5cff5c74 elementor-widget elementor-widget-text-editor\" data-id=\"5cff5c74\" data-element_type=\"widget\" data-widget_type=\"text-editor.default\">\n\t\t\t\t<div class=\"elementor-widget-container\">\n\t\t\t\t\t\t\t<p>Organizacija Radnika Croatia Airlinesa (ORCA) je najve\u0107e sindikalno udru\u017eenje radnika u Croatia Airlinesu koje uklju\u010duje radnike iz vi\u0161e samostalnih strukovnih sindikata, od toga veliku ve\u0107inu \u010dlanova iz sindikata aviomehani\u010dara (SSSAH), pilota (HSPP) i kabinskog osoblja (SKOZ).<\/p>\t\t\t\t\t\t<\/div>\n\t\t\t\t<\/div>\n\t\t\t\t<div class=\"elementor-element elementor-element-3a14e0c elementor-widget elementor-widget-text-editor\" data-id=\"3a14e0c\" data-element_type=\"widget\" data-widget_type=\"text-editor.default\">\n\t\t\t\t<div class=\"elementor-widget-container\">\n\t\t\t\t\t\t\t<p>Cilj sindikata ORCA je biti najve\u0107e reprezentativno sindikalno tijelo i promicati sigurnost i prava svojih radnika za boljitak cjelokupne tvrtke Croatia Airlines.<\/p>\t\t\t\t\t\t<\/div>\n\t\t\t\t<\/div>\n\t\t\t\t\t<\/div>\n\t\t<\/div>\n\t\t\t\t<div class=\"elementor-column elementor-col-50 elementor-top-column elementor-element elementor-element-2c638a02\" data-id=\"2c638a02\" data-element_type=\"column\">\n\t\t\t<div class=\"elementor-widget-wrap elementor-element-populated\">\n\t\t\t\t\t\t<div class=\"elementor-element elementor-element-1065b5c4 elementor-widget elementor-widget-image\" data-id=\"1065b5c4\" data-element_type=\"widget\" data-widget_type=\"image.default\">\n\t\t\t\t<div class=\"elementor-widget-container\">\n\t\t\t\t\t\t\t\t\t\t\t\t\t<img fetchpriority=\"high\" decoding=\"async\" width=\"1024\" height=\"769\" src=\"https:\/\/sindikatorca.hr\/wp-content\/uploads\/2020\/10\/ctl-867504-1024x769.jpg\" class=\"attachment-large size-large wp-image-221\" alt=\"\" srcset=\"https:\/\/sindikatorca.hr\/wp-content\/uploads\/2020\/10\/ctl-867504-1024x769.jpg 1024w, https:\/\/sindikatorca.hr\/wp-content\/uploads\/2020\/10\/ctl-867504-300x225.jpg 300w, https:\/\/sindikatorca.hr\/wp-content\/uploads\/2020\/10\/ctl-867504-768x577.jpg 768w, https:\/\/sindikatorca.hr\/wp-content\/uploads\/2020\/10\/ctl-867504-1536x1154.jpg 1536w, https:\/\/sindikatorca.hr\/wp-content\/uploads\/2020\/10\/ctl-867504-2048x1539.jpg 2048w, https:\/\/sindikatorca.hr\/wp-content\/uploads\/2020\/10\/ctl-867504-16x12.jpg 16w, https:\/\/sindikatorca.hr\/wp-content\/uploads\/2020\/10\/ctl-867504-720x541.jpg 720w\" sizes=\"(max-width: 1024px) 100vw, 1024px\" \/>\t\t\t\t\t\t\t\t\t\t\t\t\t<\/div>\n\t\t\t\t<\/div>\n\t\t\t\t\t<\/div>\n\t\t<\/div>\n\t\t\t\t\t<\/div>\n\t\t<\/section>\n\t\t\t\t<section class=\"elementor-section elementor-top-section elementor-element elementor-element-af7ec3a elementor-section-boxed elementor-section-height-default elementor-section-height-default\" data-id=\"af7ec3a\" data-element_type=\"section\">\n\t\t\t\t\t\t<div class=\"elementor-container elementor-column-gap-default\">\n\t\t\t\t\t<div class=\"elementor-column elementor-col-100 elementor-top-column elementor-element elementor-element-a373dae\" data-id=\"a373dae\" data-element_type=\"column\">\n\t\t\t<div class=\"elementor-widget-wrap elementor-element-populated\">\n\t\t\t\t\t\t<div class=\"elementor-element elementor-element-c269099 elementor-widget elementor-widget-heading\" data-id=\"c269099\" data-element_type=\"widget\" data-widget_type=\"heading.default\">\n\t\t\t\t<div class=\"elementor-widget-container\">\n\t\t\t<h2 class=\"elementor-heading-title elementor-size-default\">Na\u0161 Izvr\u0161ni Odbor<\/h2>\t\t<\/div>\n\t\t\t\t<\/div>\n\t\t\t\t<div class=\"elementor-element elementor-element-2e049bf elementor-widget elementor-widget-athemes-employee-carousel\" data-id=\"2e049bf\" data-element_type=\"widget\" data-widget_type=\"athemes-employee-carousel.default\">\n\t\t\t\t<div class=\"elementor-widget-container\">\n\t\t\t\n\t\t<div class=\"roll-team carousel owl-carousel\" data-widgetid=\"employees-\">\n\t\t\t\t\t\t\t\t\t\t<div class=\"team-item\">\n\t\t\t    <div class=\"team-inner\">\n\t\t\t        <div class=\"pop-overlay\">\n\t\t\t            <div class=\"team-pop\">\n\t\t\t                <div class=\"team-info\">\n\t\t\t\t\t\t\t\t<div class=\"name\">Jane Doe<\/div>\n\t\t\t\t\t\t\t\t<div class=\"pos\">President -SKOZ<\/div>\n\t\t\t\t\t\t\t\t<ul class=\"team-social\">\n\t\t\t\t\t\t\t\t\t\t\t\t\t\t\t\t\t\t\t\t\t\t\t\t\t\t\t\t\t\t\t\t\t\t\t<\/ul>\n\t\t\t                <\/div>\n\t\t\t            <\/div>\n\t\t\t        <\/div>\n\t\t\t\t\t\t\t\t\t\t<div class=\"avatar\">\n\t\t\t\t\t\t<img decoding=\"async\" src=\"https:\/\/sindikatorca.hr\/wp-content\/uploads\/2020\/10\/Untitled-3.jpg\" alt=\"Untitled-3\"\/>\n\t\t\t\t\t<\/div>\n\t\t\t\t\t\t\t\t    <\/div>\n\t\t\t    <div class=\"team-content\">\n\t\t\t        <div class=\"name\">\n\t\t\t        \t\t\t\t        \t\tJane Doe\t\t\t        \t\t\t\t        <\/div>\n\t\t\t        <div class=\"pos\">President -SKOZ<\/div>\n\t\t\t    <\/div>\n\t\t\t<\/div><!-- \/.team-item -->\n\n\t\t\t\t\t\t\t\t\t\t<div class=\"team-item\">\n\t\t\t    <div class=\"team-inner\">\n\t\t\t        <div class=\"pop-overlay\">\n\t\t\t            <div class=\"team-pop\">\n\t\t\t                <div class=\"team-info\">\n\t\t\t\t\t\t\t\t<div class=\"name\">John Doe<\/div>\n\t\t\t\t\t\t\t\t<div class=\"pos\">Vice President - HSPP<\/div>\n\t\t\t\t\t\t\t\t<ul class=\"team-social\">\n\t\t\t\t\t\t\t\t\t\t\t\t\t\t\t\t\t\t\t\t\t\t\t\t\t\t\t\t\t\t\t\t\t\t\t<\/ul>\n\t\t\t                <\/div>\n\t\t\t            <\/div>\n\t\t\t        <\/div>\n\t\t\t\t\t\t\t\t\t\t<div class=\"avatar\">\n\t\t\t\t\t\t<img decoding=\"async\" src=\"https:\/\/sindikatorca.hr\/wp-content\/uploads\/2020\/10\/Untitled-2-1.jpg\" alt=\"Untitled-2\"\/>\n\t\t\t\t\t<\/div>\n\t\t\t\t\t\t\t\t    <\/div>\n\t\t\t    <div class=\"team-content\">\n\t\t\t        <div class=\"name\">\n\t\t\t        \t\t\t\t        \t\tJohn Doe\t\t\t        \t\t\t\t        <\/div>\n\t\t\t        <div class=\"pos\">Vice President - HSPP<\/div>\n\t\t\t    <\/div>\n\t\t\t<\/div><!-- \/.team-item -->\n\n\t\t\t\t\t\t\t\t\t\t<div class=\"team-item\">\n\t\t\t    <div class=\"team-inner\">\n\t\t\t        <div class=\"pop-overlay\">\n\t\t\t            <div class=\"team-pop\">\n\t\t\t                <div class=\"team-info\">\n\t\t\t\t\t\t\t\t<div class=\"name\">Jane Doe<\/div>\n\t\t\t\t\t\t\t\t<div class=\"pos\">General Manager<\/div>\n\t\t\t\t\t\t\t\t<ul class=\"team-social\">\n\t\t\t\t\t\t\t\t\t\t\t\t\t\t\t\t\t\t\t\t\t\t\t\t\t\t\t\t\t\t\t\t\t\t\t<\/ul>\n\t\t\t                <\/div>\n\t\t\t            <\/div>\n\t\t\t        <\/div>\n\t\t\t\t\t\t\t\t\t\t<div class=\"avatar\">\n\t\t\t\t\t\t<img decoding=\"async\" src=\"https:\/\/sindikatorca.hr\/wp-content\/uploads\/2020\/10\/Untitled-4-1.jpg\" alt=\"Untitled-4\"\/>\n\t\t\t\t\t<\/div>\n\t\t\t\t\t\t\t\t    <\/div>\n\t\t\t    <div class=\"team-content\">\n\t\t\t        <div class=\"name\">\n\t\t\t        \t\t\t\t        \t\tJane Doe\t\t\t        \t\t\t\t        <\/div>\n\t\t\t        <div class=\"pos\">General Manager<\/div>\n\t\t\t    <\/div>\n\t\t\t<\/div><!-- \/.team-item -->\n\n\t\t\t\t\t\t\t\t\t\t<div class=\"team-item\">\n\t\t\t    <div class=\"team-inner\">\n\t\t\t        <div class=\"pop-overlay\">\n\t\t\t            <div class=\"team-pop\">\n\t\t\t                <div class=\"team-info\">\n\t\t\t\t\t\t\t\t<div class=\"name\">John Doe<\/div>\n\t\t\t\t\t\t\t\t<div class=\"pos\">General Manager<\/div>\n\t\t\t\t\t\t\t\t<ul class=\"team-social\">\n\t\t\t\t\t\t\t\t\t\t\t\t\t\t\t\t\t\t\t\t\t\t\t\t\t\t\t\t\t\t\t\t\t\t\t<\/ul>\n\t\t\t                <\/div>\n\t\t\t            <\/div>\n\t\t\t        <\/div>\n\t\t\t\t\t\t\t\t\t\t<div class=\"avatar\">\n\t\t\t\t\t\t<img decoding=\"async\" src=\"https:\/\/sindikatorca.hr\/wp-content\/uploads\/2020\/10\/Untitled-1-1.jpg\" alt=\"Untitled-1\"\/>\n\t\t\t\t\t<\/div>\n\t\t\t\t\t\t\t\t    <\/div>\n\t\t\t    <div class=\"team-content\">\n\t\t\t        <div class=\"name\">\n\t\t\t        \t\t\t\t        \t\tJohn Doe\t\t\t        \t\t\t\t        <\/div>\n\t\t\t        <div class=\"pos\">General Manager<\/div>\n\t\t\t    <\/div>\n\t\t\t<\/div><!-- \/.team-item -->\n\n\t\t\t\t\t\t\t\t\t\t<div class=\"team-item\">\n\t\t\t    <div class=\"team-inner\">\n\t\t\t        <div class=\"pop-overlay\">\n\t\t\t            <div class=\"team-pop\">\n\t\t\t                <div class=\"team-info\">\n\t\t\t\t\t\t\t\t<div class=\"name\">Jane Doe<\/div>\n\t\t\t\t\t\t\t\t<div class=\"pos\">General Manager<\/div>\n\t\t\t\t\t\t\t\t<ul class=\"team-social\">\n\t\t\t\t\t\t\t\t\t\t\t\t\t\t\t\t\t\t\t<li><a class=\"facebook\" href=\"http:\/\/facebook.com\" target=\"_blank\"><i class=\"sydney-svg-icon\"><svg xmlns=\"http:\/\/www.w3.org\/2000\/svg\" viewbox=\"0 0 448 512\" fill=\"#fff;\"><path d=\"M279.14 288l14.22-92.66h-88.91v-60.13c0-25.35 12.42-50.06 52.24-50.06h40.42V6.26S260.43 0 225.36 0c-73.22 0-121.08 44.38-121.08 124.72v70.62H22.89V288h81.39v224h100.17V288z\"\/><\/svg><\/i><\/a><\/li>\n\t\t\t\t\t\t\t\t\t\t\t\t\t\t\t\t\t\t\t\t\t\t\t\t\t\t\t\t\t\t\t\t\t\t\t<\/ul>\n\t\t\t                <\/div>\n\t\t\t            <\/div>\n\t\t\t        <\/div>\n\t\t\t\t\t\t\t\t\t\t<div class=\"avatar\">\n\t\t\t\t\t\t<img decoding=\"async\" src=\"https:\/\/sindikatorca.hr\/wp-content\/uploads\/2020\/10\/Untitled-5.jpg\" alt=\"Untitled-5\"\/>\n\t\t\t\t\t<\/div>\n\t\t\t\t\t\t\t\t    <\/div>\n\t\t\t    <div class=\"team-content\">\n\t\t\t        <div class=\"name\">\n\t\t\t        \t\t\t\t        \t\tJane Doe\t\t\t        \t\t\t\t        <\/div>\n\t\t\t        <div class=\"pos\">General Manager<\/div>\n\t\t\t    <\/div>\n\t\t\t<\/div><!-- \/.team-item -->\n\n\t\t\t\t\t<\/div>\n\t\t\t\t\n\t\t\t\t<\/div>\n\t\t\t\t<\/div>\n\t\t\t\t\t<\/div>\n\t\t<\/div>\n\t\t\t\t\t<\/div>\n\t\t<\/section>\n\t\t\t\t<section class=\"elementor-section elementor-top-section elementor-element elementor-element-0203cd5 elementor-section-boxed elementor-section-height-default elementor-section-height-default\" data-id=\"0203cd5\" data-element_type=\"section\">\n\t\t\t\t\t\t<div class=\"elementor-container elementor-column-gap-default\">\n\t\t\t\t\t<div class=\"elementor-column elementor-col-100 elementor-top-column elementor-element elementor-element-68ea9ed\" data-id=\"68ea9ed\" data-element_type=\"column\">\n\t\t\t<div class=\"elementor-widget-wrap elementor-element-populated\">\n\t\t\t\t\t\t<div class=\"elementor-element elementor-element-bfc9a5c elementor-widget elementor-widget-heading\" data-id=\"bfc9a5c\" data-element_type=\"widget\" data-widget_type=\"heading.default\">\n\t\t\t\t<div class=\"elementor-widget-container\">\n\t\t\t<h2 class=\"elementor-heading-title elementor-size-default\">Na\u0161i Sindikati i Kompanija<\/h2>\t\t<\/div>\n\t\t\t\t<\/div>\n\t\t\t\t<section class=\"elementor-section elementor-inner-section elementor-element elementor-element-83524fd elementor-section-boxed elementor-section-height-default elementor-section-height-default\" data-id=\"83524fd\" data-element_type=\"section\">\n\t\t\t\t\t\t<div class=\"elementor-container elementor-column-gap-default\">\n\t\t\t\t\t<div class=\"elementor-column elementor-col-100 elementor-inner-column elementor-element elementor-element-740bf73\" data-id=\"740bf73\" data-element_type=\"column\">\n\t\t\t<div class=\"elementor-widget-wrap elementor-element-populated\">\n\t\t\t\t\t\t<div class=\"elementor-element elementor-element-0a17d63 elementor-invisible elementor-widget elementor-widget-eael-image-accordion\" data-id=\"0a17d63\" data-element_type=\"widget\" data-settings=\"{&quot;_animation&quot;:&quot;fadeInUp&quot;}\" data-widget_type=\"eael-image-accordion.default\">\n\t\t\t\t<div class=\"elementor-widget-container\">\n\t\t\t    <div class=\"eael-img-accordion accordion-direction-horizontal eael-img-accordion-horizontal-align-center eael-img-accordion-vertical-align-center\" id=\"eael-img-accordion-0a17d63\" data-img-accordion-id=\"0a17d63\" data-img-accordion-type=\"on-hover\">\n                    \n            <div class=\"eael-image-accordion-hover eael-image-accordion-item\" style=\"background-image: url(https:\/\/sindikatorca.hr\/wp-content\/uploads\/2020\/10\/hspp.jpg);\"  tabindex=\"0\">\n                <div class=\"overlay\">\n                                        <div class=\"overlay-inner\">\n                        <a href=\"https:\/\/www.hspp.hr\/\" target=\"_blank\"><h2 class=\"img-accordion-title\">HSPP<\/h2><\/a>                            <p><p>Croatian Traffic Pilot Union<\/p><\/p>\n                                            <\/div>\n                <\/div>\n            <\/div>\n                    \n            <div class=\"eael-image-accordion-hover eael-image-accordion-item\" style=\"background-image: url(https:\/\/sindikatorca.hr\/wp-content\/uploads\/2020\/10\/SZTH-logo-png.jpg);\"  tabindex=\"0\">\n                <div class=\"overlay\">\n                                        <div class=\"overlay-inner\">\n                        <a href=\"http:\/\/www.sssah.hr\/\" target=\"_blank\"><h2 class=\"img-accordion-title\">SZTH<\/h2><\/a>                            <p><p>Croatian Aviation Technicians Union<\/p><\/p>\n                                            <\/div>\n                <\/div>\n            <\/div>\n                    \n            <div class=\"eael-image-accordion-hover eael-image-accordion-item\" style=\"background-image: url(https:\/\/sindikatorca.hr\/wp-content\/uploads\/2020\/10\/skoz2.jpg);\"  tabindex=\"0\">\n                <div class=\"overlay\">\n                                        <div class=\"overlay-inner\">\n                        <a href=\"http:\/\/www.skoz.hr\/\" target=\"_blank\"><h2 class=\"img-accordion-title\">SKOZ<\/h2><\/a>                            <p><p>Aircraft Cabin Crew Union<\/p><\/p>\n                                            <\/div>\n                <\/div>\n            <\/div>\n                    \n            <div class=\"eael-image-accordion-hover eael-image-accordion-item\" style=\"background-image: url(https:\/\/sindikatorca.hr\/wp-content\/uploads\/2020\/10\/Croatia_Airlines_Logo.jpg);\"  tabindex=\"0\">\n                <div class=\"overlay\">\n                                        <div class=\"overlay-inner\">\n                        <a href=\"https:\/\/www.croatiaairlines.com\/\" target=\"_blank\"><h2 class=\"img-accordion-title\">Croatia Airlines<\/h2><\/a>                            <p><p>Our Company<\/p><\/p>\n                                            <\/div>\n                <\/div>\n            <\/div>\n                <\/div>\n        <style typr=\"text\/css\">\n                    #eael-img-accordion-0a17d63 .eael-image-accordion-hover:hover {\n                        flex: 3 1 0% !important;\n                    }\n                    #eael-img-accordion-0a17d63 .eael-image-accordion-hover:hover:hover .overlay-inner * {\n                        opacity: 1;\n                        visibility: visible;\n                        transform: none;\n                        transition: all .3s .3s;\n                    }\n                <\/style>\t\t<\/div>\n\t\t\t\t<\/div>\n\t\t\t\t\t<\/div>\n\t\t<\/div>\n\t\t\t\t\t<\/div>\n\t\t<\/section>\n\t\t\t\t\t<\/div>\n\t\t<\/div>\n\t\t\t\t\t<\/div>\n\t\t<\/section>\n\t\t\t\t<section class=\"elementor-section elementor-top-section elementor-element elementor-element-aa73062 elementor-section-boxed elementor-section-height-default elementor-section-height-default\" data-id=\"aa73062\" data-element_type=\"section\">\n\t\t\t\t\t\t<div class=\"elementor-container elementor-column-gap-default\">\n\t\t\t\t\t<div class=\"elementor-column elementor-col-100 elementor-top-column elementor-element elementor-element-75a46878\" data-id=\"75a46878\" data-element_type=\"column\">\n\t\t\t<div class=\"elementor-widget-wrap elementor-element-populated\">\n\t\t\t\t\t\t<div class=\"elementor-element elementor-element-50a4b9bc elementor-widget elementor-widget-heading\" data-id=\"50a4b9bc\" data-element_type=\"widget\" data-widget_type=\"heading.default\">\n\t\t\t\t<div class=\"elementor-widget-container\">\n\t\t\t<h2 class=\"elementor-heading-title elementor-size-default\">Kako ponekad izgleda posao na\u0161ih pilota<\/h2>\t\t<\/div>\n\t\t\t\t<\/div>\n\t\t\t\t<div class=\"elementor-element elementor-element-70208d84 elementor-invisible elementor-widget elementor-widget-video\" data-id=\"70208d84\" data-element_type=\"widget\" data-settings=\"{&quot;youtube_url&quot;:&quot;https:\\\/\\\/youtu.be\\\/5XzYy2qqM0I&quot;,&quot;show_image_overlay&quot;:&quot;yes&quot;,&quot;image_overlay&quot;:{&quot;url&quot;:&quot;https:\\\/\\\/sindikatorca.hr\\\/wp-content\\\/uploads\\\/2020\\\/10\\\/20191010_082815_fullhd.jpg&quot;,&quot;id&quot;:439,&quot;size&quot;:&quot;&quot;},&quot;modestbranding&quot;:&quot;yes&quot;,&quot;yt_privacy&quot;:&quot;yes&quot;,&quot;lazy_load&quot;:&quot;yes&quot;,&quot;lightbox&quot;:&quot;yes&quot;,&quot;_animation&quot;:&quot;fadeInUp&quot;,&quot;video_type&quot;:&quot;youtube&quot;,&quot;controls&quot;:&quot;yes&quot;}\" data-widget_type=\"video.default\">\n\t\t\t\t<div class=\"elementor-widget-container\">\n\t\t\t\t\t<div class=\"elementor-wrapper elementor-open-lightbox\">\n\t\t\t\t\t\t\t<div class=\"elementor-custom-embed-image-overlay\" data-elementor-open-lightbox=\"yes\" data-elementor-lightbox=\"{&quot;type&quot;:&quot;video&quot;,&quot;videoType&quot;:&quot;youtube&quot;,&quot;url&quot;:&quot;https:\\\/\\\/www.youtube-nocookie.com\\\/embed\\\/5XzYy2qqM0I?feature=oembed&amp;start&amp;end&amp;wmode=opaque&amp;loop=0&amp;controls=1&amp;mute=0&amp;rel=0&amp;modestbranding=1&quot;,&quot;autoplay&quot;:&quot;&quot;,&quot;modalOptions&quot;:{&quot;id&quot;:&quot;elementor-lightbox-70208d84&quot;,&quot;entranceAnimation&quot;:&quot;&quot;,&quot;entranceAnimation_tablet&quot;:&quot;&quot;,&quot;entranceAnimation_mobile&quot;:&quot;&quot;,&quot;videoAspectRatio&quot;:&quot;169&quot;}}\" data-e-action-hash=\"#elementor-action%3Aaction%3Dlightbox%26settings%3DeyJ0eXBlIjoidmlkZW8iLCJ2aWRlb1R5cGUiOiJ5b3V0dWJlIiwidXJsIjoiaHR0cHM6XC9cL3d3dy55b3V0dWJlLW5vY29va2llLmNvbVwvZW1iZWRcLzVYell5MnFxTTBJP2ZlYXR1cmU9b2VtYmVkJnN0YXJ0JmVuZCZ3bW9kZT1vcGFxdWUmbG9vcD0wJmNvbnRyb2xzPTEmbXV0ZT0wJnJlbD0wJm1vZGVzdGJyYW5kaW5nPTEiLCJhdXRvcGxheSI6IiIsIm1vZGFsT3B0aW9ucyI6eyJpZCI6ImVsZW1lbnRvci1saWdodGJveC03MDIwOGQ4NCIsImVudHJhbmNlQW5pbWF0aW9uIjoiIiwiZW50cmFuY2VBbmltYXRpb25fdGFibGV0IjoiIiwiZW50cmFuY2VBbmltYXRpb25fbW9iaWxlIjoiIiwidmlkZW9Bc3BlY3RSYXRpbyI6IjE2OSJ9fQ%3D%3D\">\n\t\t\t\t\t\t\t\t\t\t\t<img decoding=\"async\" width=\"1024\" height=\"576\" src=\"https:\/\/sindikatorca.hr\/wp-content\/uploads\/2020\/10\/20191010_082815_fullhd-1024x576.jpg\" class=\"attachment-large size-large wp-image-439\" alt=\"\" srcset=\"https:\/\/sindikatorca.hr\/wp-content\/uploads\/2020\/10\/20191010_082815_fullhd-1024x576.jpg 1024w, https:\/\/sindikatorca.hr\/wp-content\/uploads\/2020\/10\/20191010_082815_fullhd-300x169.jpg 300w, https:\/\/sindikatorca.hr\/wp-content\/uploads\/2020\/10\/20191010_082815_fullhd-768x432.jpg 768w, https:\/\/sindikatorca.hr\/wp-content\/uploads\/2020\/10\/20191010_082815_fullhd-1536x864.jpg 1536w, https:\/\/sindikatorca.hr\/wp-content\/uploads\/2020\/10\/20191010_082815_fullhd-16x9.jpg 16w, https:\/\/sindikatorca.hr\/wp-content\/uploads\/2020\/10\/20191010_082815_fullhd-830x467.jpg 830w, https:\/\/sindikatorca.hr\/wp-content\/uploads\/2020\/10\/20191010_082815_fullhd-230x129.jpg 230w, https:\/\/sindikatorca.hr\/wp-content\/uploads\/2020\/10\/20191010_082815_fullhd-350x197.jpg 350w, https:\/\/sindikatorca.hr\/wp-content\/uploads\/2020\/10\/20191010_082815_fullhd-480x270.jpg 480w, https:\/\/sindikatorca.hr\/wp-content\/uploads\/2020\/10\/20191010_082815_fullhd.jpg 1920w\" sizes=\"(max-width: 1024px) 100vw, 1024px\" \/>\t\t\t\t\t\t\t\t\t\t\t\t\t\t\t\t<div class=\"elementor-custom-embed-play\" role=\"button\" aria-label=\"Pokreni video\" tabindex=\"0\">\n\t\t\t\t\t\t\t<i aria-hidden=\"true\" class=\"eicon-play\"><\/i>\t\t\t\t\t\t\t<span class=\"elementor-screen-only\">Pokreni video<\/span>\n\t\t\t\t\t\t<\/div>\n\t\t\t\t\t\t\t\t\t<\/div>\n\t\t\t\t\t<\/div>\n\t\t\t\t<\/div>\n\t\t\t\t<\/div>\n\t\t\t\t\t<\/div>\n\t\t<\/div>\n\t\t\t\t\t<\/div>\n\t\t<\/section>\n\t\t\t\t<section class=\"elementor-section elementor-top-section elementor-element elementor-element-3874a3b elementor-section-boxed elementor-section-height-default elementor-section-height-default\" data-id=\"3874a3b\" data-element_type=\"section\" data-settings=\"{&quot;background_background&quot;:&quot;classic&quot;}\">\n\t\t\t\t\t\t<div class=\"elementor-container elementor-column-gap-wider\">\n\t\t\t\t\t<div class=\"elementor-column elementor-col-33 elementor-top-column elementor-element elementor-element-6b0edd5\" data-id=\"6b0edd5\" data-element_type=\"column\">\n\t\t\t<div class=\"elementor-widget-wrap elementor-element-populated\">\n\t\t\t\t\t\t<div class=\"elementor-element elementor-element-3249f4aa elementor-view-default elementor-position-top elementor-mobile-position-top elementor-widget elementor-widget-icon-box\" data-id=\"3249f4aa\" data-element_type=\"widget\" data-widget_type=\"icon-box.default\">\n\t\t\t\t<div class=\"elementor-widget-container\">\n\t\t\t\t\t<div class=\"elementor-icon-box-wrapper\">\n\n\t\t\t\t\t\t<div class=\"elementor-icon-box-icon\">\n\t\t\t\t<span  class=\"elementor-icon elementor-animation-\">\n\t\t\t\t\t\t\t\t<\/span>\n\t\t\t<\/div>\n\t\t\t\n\t\t\t\t\t\t<div class=\"elementor-icon-box-content\">\n\n\t\t\t\t\t\t\t\t\t<h3 class=\"elementor-icon-box-title\">\n\t\t\t\t\t\t<span  >\n\t\t\t\t\t\t\tFilozofija\t\t\t\t\t\t<\/span>\n\t\t\t\t\t<\/h3>\n\t\t\t\t\n\t\t\t\t\t\t\t\t\t<p class=\"elementor-icon-box-description\">\n\t\t\t\t\t\tLorem ipsum dolor sit amet, consectetur adipiscing elit. Duis id dolor vel ante vehicula porta. Aliquam fringilla mollis ultrices. Curabitur gravida elit et erat ullamcorper pharetra. Suspendisse mattis augue ac augue tincidunt, eu pretium nunc posuere.\t\t\t\t\t<\/p>\n\t\t\t\t\n\t\t\t<\/div>\n\t\t\t\n\t\t<\/div>\n\t\t\t\t<\/div>\n\t\t\t\t<\/div>\n\t\t\t\t\t<\/div>\n\t\t<\/div>\n\t\t\t\t<div class=\"elementor-column elementor-col-33 elementor-top-column elementor-element elementor-element-243f4e28\" data-id=\"243f4e28\" data-element_type=\"column\">\n\t\t\t<div class=\"elementor-widget-wrap elementor-element-populated\">\n\t\t\t\t\t\t<div class=\"elementor-element elementor-element-decca6b elementor-view-default elementor-position-top elementor-mobile-position-top elementor-widget elementor-widget-icon-box\" data-id=\"decca6b\" data-element_type=\"widget\" data-widget_type=\"icon-box.default\">\n\t\t\t\t<div class=\"elementor-widget-container\">\n\t\t\t\t\t<div class=\"elementor-icon-box-wrapper\">\n\n\t\t\t\t\t\t<div class=\"elementor-icon-box-icon\">\n\t\t\t\t<span  class=\"elementor-icon elementor-animation-\">\n\t\t\t\t\t\t\t\t<\/span>\n\t\t\t<\/div>\n\t\t\t\n\t\t\t\t\t\t<div class=\"elementor-icon-box-content\">\n\n\t\t\t\t\t\t\t\t\t<h3 class=\"elementor-icon-box-title\">\n\t\t\t\t\t\t<span  >\n\t\t\t\t\t\t\tVizija\t\t\t\t\t\t<\/span>\n\t\t\t\t\t<\/h3>\n\t\t\t\t\n\t\t\t\t\t\t\t\t\t<p class=\"elementor-icon-box-description\">\n\t\t\t\t\t\tLorem ipsum dolor sit amet, consectetur adipiscing elit. Duis id dolor vel ante vehicula porta. Aliquam fringilla mollis ultrices. Curabitur gravida elit et erat ullamcorper pharetra. Suspendisse mattis augue ac augue tincidunt, eu pretium nunc posuere.\t\t\t\t\t<\/p>\n\t\t\t\t\n\t\t\t<\/div>\n\t\t\t\n\t\t<\/div>\n\t\t\t\t<\/div>\n\t\t\t\t<\/div>\n\t\t\t\t\t<\/div>\n\t\t<\/div>\n\t\t\t\t<div class=\"elementor-column elementor-col-33 elementor-top-column elementor-element elementor-element-737bf688\" data-id=\"737bf688\" data-element_type=\"column\">\n\t\t\t<div class=\"elementor-widget-wrap elementor-element-populated\">\n\t\t\t\t\t\t<div class=\"elementor-element elementor-element-3404b745 elementor-view-default elementor-position-top elementor-mobile-position-top elementor-widget elementor-widget-icon-box\" data-id=\"3404b745\" data-element_type=\"widget\" data-widget_type=\"icon-box.default\">\n\t\t\t\t<div class=\"elementor-widget-container\">\n\t\t\t\t\t<div class=\"elementor-icon-box-wrapper\">\n\n\t\t\t\t\t\t<div class=\"elementor-icon-box-icon\">\n\t\t\t\t<span  class=\"elementor-icon elementor-animation-\">\n\t\t\t\t\t\t\t\t<\/span>\n\t\t\t<\/div>\n\t\t\t\n\t\t\t\t\t\t<div class=\"elementor-icon-box-content\">\n\n\t\t\t\t\t\t\t\t\t<h3 class=\"elementor-icon-box-title\">\n\t\t\t\t\t\t<span  >\n\t\t\t\t\t\t\tPolitika\t\t\t\t\t\t<\/span>\n\t\t\t\t\t<\/h3>\n\t\t\t\t\n\t\t\t\t\t\t\t\t\t<p class=\"elementor-icon-box-description\">\n\t\t\t\t\t\tLorem ipsum dolor sit amet, consectetur adipiscing elit. Duis id dolor vel ante vehicula porta. Aliquam fringilla mollis ultrices. Curabitur gravida elit et erat ullamcorper pharetra. Suspendisse mattis augue ac augue tincidunt, eu pretium nunc posuere.\t\t\t\t\t<\/p>\n\t\t\t\t\n\t\t\t<\/div>\n\t\t\t\n\t\t<\/div>\n\t\t\t\t<\/div>\n\t\t\t\t<\/div>\n\t\t\t\t\t<\/div>\n\t\t<\/div>\n\t\t\t\t\t<\/div>\n\t\t<\/section>\n\t\t\t\t<\/div>","protected":false},"excerpt":{"rendered":"<p>About Us The Croatia Airlines Workers Organization (ORCA) is the largest trade [&hellip;]<\/p>\n","protected":false},"author":2,"featured_media":0,"parent":0,"menu_order":0,"comment_status":"closed","ping_status":"closed","template":"","meta":[],"_links":{"self":[{"href":"https:\/\/sindikatorca.hr\/hr\/wp-json\/wp\/v2\/pages\/198"}],"collection":[{"href":"https:\/\/sindikatorca.hr\/hr\/wp-json\/wp\/v2\/pages"}],"about":[{"href":"https:\/\/sindikatorca.hr\/hr\/wp-json\/wp\/v2\/types\/page"}],"author":[{"embeddable":true,"href":"https:\/\/sindikatorca.hr\/hr\/wp-json\/wp\/v2\/users\/2"}],"replies":[{"embeddable":true,"href":"https:\/\/sindikatorca.hr\/hr\/wp-json\/wp\/v2\/comments?post=198"}],"version-history":[{"count":0,"href":"https:\/\/sindikatorca.hr\/hr\/wp-json\/wp\/v2\/pages\/198\/revisions"}],"wp:attachment":[{"href":"https:\/\/sindikatorca.hr\/hr\/wp-json\/wp\/v2\/media?parent=198"}],"curies":[{"name":"wp","href":"https:\/\/api.w.org\/{rel}","templated":true}]}}